{"id":164,"date":"2023-01-27T15:17:40","date_gmt":"2023-01-27T14:17:40","guid":{"rendered":"http:\/\/geran.net.pl\/?page_id=164"},"modified":"2025-10-31T01:37:30","modified_gmt":"2025-10-31T00:37:30","slug":"produkty2","status":"publish","type":"page","link":"https:\/\/geran.net.pl\/index.php\/produkty2\/","title":{"rendered":"Produkty"},"content":{"rendered":"<p>[et_pb_section fb_built=&#8221;1&#8243; admin_label=&#8221;Header&#8221; _builder_version=&#8221;4.19.4&#8243; _module_preset=&#8221;default&#8221; background_image=&#8221;http:\/\/geran.net.pl\/wp-content\/uploads\/2023\/02\/Zdjecie-WhatsApp-2023-02-09-o-09.17.22.jpg&#8221; background_position=&#8221;top_left&#8221; background_vertical_offset=&#8221;19%&#8221; overflow-x=&#8221;hidden&#8221; overflow-y=&#8221;hidden&#8221; locked=&#8221;off&#8221; collapsed=&#8221;off&#8221; global_colors_info=&#8221;{}&#8221;][et_pb_row _builder_version=&#8221;4.19.4&#8243; _module_preset=&#8221;default&#8221; global_colors_info=&#8221;{}&#8221;][et_pb_column type=&#8221;4_4&#8243; _builder_version=&#8221;4.19.2&#8243; _module_preset=&#8221;default&#8221; global_colors_info=&#8221;{}&#8221;][et_pb_text _builder_version=&#8221;4.19.4&#8243; _module_preset=&#8221;a2d677c6-4504-41a3-907e-0681608f5490&#8243; text_text_color=&#8221;#FFFFFF&#8221; header_text_color=&#8221;#FFFFFF&#8221; global_colors_info=&#8221;{}&#8221;]<\/p>\n<h1>Nasze produkty<\/h1>\n<p>[\/et_pb_text][\/et_pb_column][\/et_pb_row][\/et_pb_section][et_pb_section fb_built=&#8221;1&#8243; admin_label=&#8221;Project&#8221; _builder_version=&#8221;4.19.2&#8243; _module_preset=&#8221;default&#8221; custom_padding=&#8221;40px||||false|false&#8221; collapsed=&#8221;off&#8221; global_colors_info=&#8221;{}&#8221;][et_pb_row column_structure=&#8221;1_3,1_3,1_3&#8243; _builder_version=&#8221;4.19.2&#8243; _module_preset=&#8221;default&#8221; global_colors_info=&#8221;{}&#8221;][et_pb_column type=&#8221;1_3&#8243; _builder_version=&#8221;4.19.2&#8243; _module_preset=&#8221;default&#8221; custom_padding_tablet=&#8221;||30px||false|false&#8221; custom_padding_phone=&#8221;||30px||false|false&#8221; custom_padding_last_edited=&#8221;on|tablet&#8221; global_colors_info=&#8221;{}&#8221;][et_pb_image src=&#8221;http:\/\/geran.net.pl\/wp-content\/uploads\/2023\/01\/Zdjecie-WhatsAdsdpp-2023-01-23-o-18.01.56-2.jpg&#8221; title_text=&#8221;Zdj\u0119cie WhatsAdsdpp 2023-01-23 o 18.01.56&#8243; _builder_version=&#8221;4.19.4&#8243; _module_preset=&#8221;default&#8221; global_colors_info=&#8221;{}&#8221;][\/et_pb_image][et_pb_text _builder_version=&#8221;4.19.4&#8243; _module_preset=&#8221;c917fb88-9980-424e-ba64-fb4a97e05fbb&#8221; custom_margin=&#8221;||0px||false|false&#8221; global_colors_info=&#8221;{}&#8221;]<\/p>\n<h3>O\u0142\u00f3w:<\/h3>\n<p>[\/et_pb_text][et_pb_text _builder_version=&#8221;4.19.4&#8243; _module_preset=&#8221;10a9b3fe-d803-47e2-afd7-d93924edbeb8&#8243; global_colors_info=&#8221;{}&#8221;]<\/p>\n<p>Posiadamy w ofercie:<br \/>&#8211; O\u0142\u00f3w surowy <br \/>&#8211; O\u0142\u00f3w rafinowany <br \/>&#8211; O\u0142\u00f3w z antymonem<br \/>&#8211; Inne stopy o\u0142owiu<\/p>\n<p>[\/et_pb_text][\/et_pb_column][et_pb_column type=&#8221;1_3&#8243; _builder_version=&#8221;4.19.2&#8243; _module_preset=&#8221;default&#8221; global_colors_info=&#8221;{}&#8221;][et_pb_image src=&#8221;http:\/\/geran.net.pl\/wp-content\/uploads\/2023\/01\/Zdjecie-WhatsApp-2023-01-23-odfs-18.01.56.jpg&#8221; title_text=&#8221;Zdj\u0119cie WhatsApp 2023-01-23 odfs 18.01.56&#8243; _builder_version=&#8221;4.19.4&#8243; _module_preset=&#8221;default&#8221; global_colors_info=&#8221;{}&#8221;][\/et_pb_image][et_pb_text _builder_version=&#8221;4.19.4&#8243; _module_preset=&#8221;c917fb88-9980-424e-ba64-fb4a97e05fbb&#8221; custom_margin=&#8221;||0px||false|false&#8221; global_colors_info=&#8221;{}&#8221;]<\/p>\n<h3>Cynk:<\/h3>\n<p>[\/et_pb_text][et_pb_text _builder_version=&#8221;4.19.4&#8243; _module_preset=&#8221;10a9b3fe-d803-47e2-afd7-d93924edbeb8&#8243; global_colors_info=&#8221;{}&#8221;]<\/p>\n<p>Posiadamy w ofercie:<br \/>&#8211; Cynk SHG<br \/>&#8211; Stopy cynku<\/p>\n<p>[\/et_pb_text][\/et_pb_column][et_pb_column type=&#8221;1_3&#8243; _builder_version=&#8221;4.19.4&#8243; _module_preset=&#8221;default&#8221; global_colors_info=&#8221;{}&#8221;][et_pb_image src=&#8221;http:\/\/geran.net.pl\/wp-content\/uploads\/2023\/01\/Zdjecie-WhatsApp-2023-01-23-o-1568.01.56.jpg&#8221; title_text=&#8221;Zdj\u0119cie WhatsApp 2023-01-23 o 1568.01.56&#8243; _builder_version=&#8221;4.19.4&#8243; _module_preset=&#8221;default&#8221; global_colors_info=&#8221;{}&#8221;][\/et_pb_image][et_pb_text _builder_version=&#8221;4.19.4&#8243; _module_preset=&#8221;c917fb88-9980-424e-ba64-fb4a97e05fbb&#8221; custom_margin=&#8221;||0px||false|false&#8221; global_colors_info=&#8221;{}&#8221;]<\/p>\n<h3>Aluminium:<\/h3>\n<p>[\/et_pb_text][et_pb_text _builder_version=&#8221;4.19.4&#8243; _module_preset=&#8221;10a9b3fe-d803-47e2-afd7-d93924edbeb8&#8243; global_colors_info=&#8221;{}&#8221;]<\/p>\n<p>Posiadamy w ofercie:<br \/>&#8211; Aluminium A7<br \/>&#8211; Aluminium A8<br \/>&#8211; Aluminium pozagatunkowe<br \/>&#8211; Walc\u00f3wk\u0119 aluminium<br \/>&#8211; Inne<\/p>\n<p>[\/et_pb_text][\/et_pb_column][\/et_pb_row][et_pb_row column_structure=&#8221;1_3,1_3,1_3&#8243; _builder_version=&#8221;4.19.2&#8243; _module_preset=&#8221;default&#8221; global_colors_info=&#8221;{}&#8221;][et_pb_column type=&#8221;1_3&#8243; _builder_version=&#8221;4.19.2&#8243; _module_preset=&#8221;default&#8221; custom_padding_tablet=&#8221;||30px||false|false&#8221; custom_padding_phone=&#8221;||30px||false|false&#8221; custom_padding_last_edited=&#8221;on|tablet&#8221; global_colors_info=&#8221;{}&#8221;][et_pb_image src=&#8221;http:\/\/geran.net.pl\/wp-content\/uploads\/2023\/02\/mosiadz.jpg&#8221; title_text=&#8221;mosiadz&#8221; _builder_version=&#8221;4.19.4&#8243; _module_preset=&#8221;default&#8221; global_colors_info=&#8221;{}&#8221;][\/et_pb_image][et_pb_text _builder_version=&#8221;4.19.4&#8243; _module_preset=&#8221;c917fb88-9980-424e-ba64-fb4a97e05fbb&#8221; custom_margin=&#8221;||0px||false|false&#8221; global_colors_info=&#8221;{}&#8221;]<\/p>\n<h3>Mosi\u0105dz:<\/h3>\n<p>[\/et_pb_text][et_pb_text _builder_version=&#8221;4.19.4&#8243; _module_preset=&#8221;10a9b3fe-d803-47e2-afd7-d93924edbeb8&#8243; global_colors_info=&#8221;{}&#8221;]<\/p>\n<p>Posiadamy w ofercie:<br \/>&#8211; stopy mosi\u0105dzu<\/p>\n<p>[\/et_pb_text][\/et_pb_column][et_pb_column type=&#8221;1_3&#8243; _builder_version=&#8221;4.19.2&#8243; _module_preset=&#8221;default&#8221; global_colors_info=&#8221;{}&#8221;][et_pb_image src=&#8221;http:\/\/geran.net.pl\/wp-content\/uploads\/2023\/01\/Zdjecie-WhatsApsdsp-2023-01-23-o-18.01.56.jpg&#8221; title_text=&#8221;Zdj\u0119cie WhatsApsdsp 2023-01-23 o 18.01.56&#8243; _builder_version=&#8221;4.19.4&#8243; _module_preset=&#8221;default&#8221; global_colors_info=&#8221;{}&#8221;][\/et_pb_image][et_pb_text _builder_version=&#8221;4.19.4&#8243; _module_preset=&#8221;c917fb88-9980-424e-ba64-fb4a97e05fbb&#8221; custom_margin=&#8221;||0px||false|false&#8221; global_colors_info=&#8221;{}&#8221;]<\/p>\n<h3>Mied\u017a:<\/h3>\n<p>[\/et_pb_text][et_pb_text _builder_version=&#8221;4.19.4&#8243; _module_preset=&#8221;10a9b3fe-d803-47e2-afd7-d93924edbeb8&#8243; global_colors_info=&#8221;{}&#8221;]<\/p>\n<p>Posiadamy w ofercie:<br \/>&#8211; Katody miedziane<br \/>&#8211; Blister<br \/>&#8211; Walc\u00f3wk\u0119 miedzian\u0105<\/p>\n<p>[\/et_pb_text][\/et_pb_column][et_pb_column type=&#8221;1_3&#8243; _builder_version=&#8221;4.19.2&#8243; _module_preset=&#8221;default&#8221; global_colors_info=&#8221;{}&#8221;][et_pb_image src=&#8221;http:\/\/geran.net.pl\/wp-content\/uploads\/2023\/02\/Zdjecie-WhatsApp-2023-02-02-o-10.15.09-1.jpg&#8221; title_text=&#8221;Zdj\u0119cie WhatsApp 2023-02-02 o 10.15.09&#8243; _builder_version=&#8221;4.19.4&#8243; _module_preset=&#8221;default&#8221; global_colors_info=&#8221;{}&#8221;][\/et_pb_image][et_pb_text _builder_version=&#8221;4.19.4&#8243; _module_preset=&#8221;c917fb88-9980-424e-ba64-fb4a97e05fbb&#8221; custom_margin=&#8221;||0px||false|false&#8221; global_colors_info=&#8221;{}&#8221;]<\/p>\n<h3>Rudy i koncentraty metali:<\/h3>\n<p>[\/et_pb_text][et_pb_text _builder_version=&#8221;4.19.4&#8243; _module_preset=&#8221;10a9b3fe-d803-47e2-afd7-d93924edbeb8&#8243; global_colors_info=&#8221;{}&#8221;]<\/p>\n<p>W naszej ofercie znajduj\u0105 si\u0119 r\u00f3wnie\u017c rudy i koncentraty:<br \/>&#8211; o\u0142owiu<br \/>&#8211; cynku<br \/>&#8211; miedzi<br \/>&#8211; litu<br \/>&#8211; manganu<\/p>\n<p>[\/et_pb_text][\/et_pb_column][\/et_pb_row][et_pb_row column_structure=&#8221;1_3,1_3,1_3&#8243; _builder_version=&#8221;4.19.2&#8243; _module_preset=&#8221;default&#8221; global_colors_info=&#8221;{}&#8221;][et_pb_column type=&#8221;1_3&#8243; _builder_version=&#8221;4.19.2&#8243; _module_preset=&#8221;default&#8221; custom_padding_tablet=&#8221;||30px||false|false&#8221; custom_padding_phone=&#8221;||30px||false|false&#8221; custom_padding_last_edited=&#8221;on|tablet&#8221; global_colors_info=&#8221;{}&#8221;][\/et_pb_column][et_pb_column type=&#8221;1_3&#8243; _builder_version=&#8221;4.19.2&#8243; _module_preset=&#8221;default&#8221; global_colors_info=&#8221;{}&#8221;][et_pb_image src=&#8221;http:\/\/geran.net.pl\/wp-content\/uploads\/2025\/10\/anitmony.jpg&#8221; title_text=&#8221;anitmony&#8221; _builder_version=&#8221;4.27.4&#8243; _module_preset=&#8221;default&#8221; hover_enabled=&#8221;0&#8243; global_colors_info=&#8221;{}&#8221; sticky_enabled=&#8221;0&#8243;][\/et_pb_image][et_pb_text _builder_version=&#8221;4.27.4&#8243; _module_preset=&#8221;c917fb88-9980-424e-ba64-fb4a97e05fbb&#8221; custom_margin=&#8221;||0px||false|false&#8221; hover_enabled=&#8221;0&#8243; global_colors_info=&#8221;{}&#8221; sticky_enabled=&#8221;0&#8243;]<\/p>\n<h3>Antymon:<\/h3>\n<p>[\/et_pb_text][et_pb_text _builder_version=&#8221;4.19.4&#8243; _module_preset=&#8221;10a9b3fe-d803-47e2-afd7-d93924edbeb8&#8243; global_colors_info=&#8221;{}&#8221;]<\/p>\n<p>Posiadamy w ofercie:<br \/>&#8211; \u2060G\u0105ski 99,65%<br \/>&#8211; \u2060Tr\u00f3jtlenek antymonu\u00a099,85%<br \/>&#8211;\u00a0\u2060inne<\/p>\n<p>[\/et_pb_text][\/et_pb_column][et_pb_column type=&#8221;1_3&#8243; _builder_version=&#8221;4.19.2&#8243; _module_preset=&#8221;default&#8221; global_colors_info=&#8221;{}&#8221;][\/et_pb_column][\/et_pb_row][et_pb_row _builder_version=&#8221;4.19.2&#8243; _module_preset=&#8221;default&#8221; global_colors_info=&#8221;{}&#8221;][et_pb_column type=&#8221;4_4&#8243; _builder_version=&#8221;4.19.2&#8243; _module_preset=&#8221;default&#8221; global_colors_info=&#8221;{}&#8221;][et_pb_slider _builder_version=&#8221;4.19.4&#8243; _module_preset=&#8221;default&#8221; header_font=&#8221;Libre Baskerville|700|||||||&#8221; header_font_size=&#8221;40px&#8221; header_line_height=&#8221;1.3em&#8221; body_font_size=&#8221;16px&#8221; body_line_height=&#8221;1.8em&#8221; background_color=&#8221;RGBA(255,255,255,0)&#8221; custom_button=&#8221;on&#8221; button_text_size=&#8221;14px&#8221; button_text_color=&#8221;#000000&#8243; button_bg_color=&#8221;#FFFFFF&#8221; button_border_width=&#8221;0px&#8221; button_border_radius=&#8221;0px&#8221; button_font=&#8221;Libre Baskerville|700||on|||||&#8221; button_custom_padding=&#8221;16px|24px|16px|24px|true|true&#8221; auto=&#8221;on&#8221; header_font_size_tablet=&#8221;32px&#8221; header_font_size_phone=&#8221;20px&#8221; header_font_size_last_edited=&#8221;on|desktop&#8221; body_font_size_tablet=&#8221;15px&#8221; body_font_size_phone=&#8221;14px&#8221; body_font_size_last_edited=&#8221;on|desktop&#8221; text_shadow_style=&#8221;preset1&#8243; text_shadow_color=&#8221;RGBA(255,255,255,0)&#8221; locked=&#8221;off&#8221; global_colors_info=&#8221;{}&#8221;][et_pb_slide heading=&#8221;Inne:&#8221; button_text=&#8221;Kontakt&#8221; button_link=&#8221;@ET-DC@eyJkeW5hbWljIjp0cnVlLCJjb250ZW50IjoicG9zdF9saW5rX3VybF9wYWdlIiwic2V0dGluZ3MiOnsicG9zdF9pZCI6IjE0NCJ9fQ==@&#8221; _builder_version=&#8221;4.19.4&#8243; _dynamic_attributes=&#8221;button_link&#8221; _module_preset=&#8221;default&#8221; background_enable_color=&#8221;off&#8221; use_background_color_gradient=&#8221;on&#8221; background_color_gradient_stops=&#8221;rgba(0,0,0,0.7) 0%|rgba(0,0,0,0.7) 100%&#8221; background_color_gradient_overlays_image=&#8221;on&#8221; background_image=&#8221;http:\/\/geran.net.pl\/wp-content\/uploads\/2023\/02\/Zdjecie-WhdfatsAdsdpp-2023-01-23-o-18.01.56.jpg&#8221; background_enable_image=&#8221;on&#8221; locked=&#8221;off&#8221; global_colors_info=&#8221;{}&#8221; sticky_transition=&#8221;on&#8221;]<\/p>\n<p>Je\u017celi jeste\u015b zainteresowany innymi produktami lub masz do zaoferowania materia\u0142y zawieraj\u0105ce miedz, o\u0142\u00f3w, cynk, aluminium, antymon, lit napisz do nas.<\/p>\n<p>Posiadamy du\u017c\u0105 baz\u0119 dostawc\u00f3w i odbiorc\u00f3w na ca\u0142ym \u015bwiecie co pozwala nam spe\u0142ni\u0107 oczekiwania naszych klient\u00f3w.<\/p>\n<p>[\/et_pb_slide][\/et_pb_slider][\/et_pb_column][\/et_pb_row][\/et_pb_section][et_pb_section fb_built=&#8221;1&#8243; admin_label=&#8221;Footer&#8221; _builder_version=&#8221;4.19.2&#8243; _module_preset=&#8221;default&#8221; background_color=&#8221;#2E363C&#8221; overflow-x=&#8221;hidden&#8221; overflow-y=&#8221;hidden&#8221; custom_padding=&#8221;0px||||false|false&#8221; saved_tabs=&#8221;all&#8221; collapsed=&#8221;on&#8221; global_colors_info=&#8221;{}&#8221;][et_pb_row _builder_version=&#8221;4.19.2&#8243; _module_preset=&#8221;default&#8221; max_width=&#8221;none&#8221; custom_padding=&#8221;0px||0px||true|false&#8221; global_colors_info=&#8221;{}&#8221;][et_pb_column type=&#8221;4_4&#8243; _builder_version=&#8221;4.19.2&#8243; _module_preset=&#8221;default&#8221; global_colors_info=&#8221;{}&#8221;][et_pb_image src=&#8221;http:\/\/geran.net.pl\/wp-content\/uploads\/2023\/01\/civil-engineering-1.png&#8221; title_text=&#8221;civil-engineering-1&#8243; _builder_version=&#8221;4.19.2&#8243; _module_preset=&#8221;default&#8221; width=&#8221;8%&#8221; global_colors_info=&#8221;{}&#8221;][\/et_pb_image][\/et_pb_column][\/et_pb_row][et_pb_row column_structure=&#8221;1_3,1_3,1_3&#8243; _builder_version=&#8221;4.19.2&#8243; _module_preset=&#8221;default&#8221; custom_padding=&#8221;||0px||false|false&#8221; global_colors_info=&#8221;{}&#8221;][et_pb_column type=&#8221;1_3&#8243; _builder_version=&#8221;4.19.2&#8243; _module_preset=&#8221;default&#8221; global_colors_info=&#8221;{}&#8221;][et_pb_text _builder_version=&#8221;4.19.4&#8243; _module_preset=&#8221;c917fb88-9980-424e-ba64-fb4a97e05fbb&#8221; header_3_text_color=&#8221;#FFFFFF&#8221; global_colors_info=&#8221;{}&#8221;]<\/p>\n<h3>Daj nam zna\u0107 czego szukasz a my zrobimy wszystko, \u017ceby to dla Ciebie znale\u017a\u0107<\/h3>\n<p>[\/et_pb_text][\/et_pb_column][et_pb_column type=&#8221;1_3&#8243; _builder_version=&#8221;4.19.2&#8243; _module_preset=&#8221;default&#8221; global_colors_info=&#8221;{}&#8221;][et_pb_image src=&#8221;http:\/\/geran.net.pl\/wp-content\/uploads\/2023\/02\/Zdjecie-WhatfdfsApp-2023-01-23-o-18.01.56.jpg&#8221; title_text=&#8221;Zdj\u0119cie WhatfdfsApp 2023-01-23 o 18.01.56&#8243; _builder_version=&#8221;4.19.4&#8243; _module_preset=&#8221;default&#8221; global_colors_info=&#8221;{}&#8221;][et_pb_slider _builder_version=&#8221;4.19.2&#8243; _module_preset=&#8221;6faa86af-78ce-423f-bd9c-59ab5bcdcffb&#8221; locked=&#8221;off&#8221; global_colors_info=&#8221;{}&#8221;][et_pb_slide heading=&#8221;%22Lorem ipsum dolor sit amet, consectetur adipiscing elit. Donec sed finibus nisi, sed dictum eros. Quisque aliquet velit sit amet sem interdum faucibus. In feugiat aliquet mollis etiam tincidunt ligula.%22&#8243; _builder_version=&#8221;4.19.2&#8243; _module_preset=&#8221;default&#8221; header_line_height=&#8221;1.8em&#8221; header_font_size_tablet=&#8221;16px&#8221; header_font_size_phone=&#8221;15px&#8221; header_font_size_last_edited=&#8221;on|tablet&#8221; global_colors_info=&#8221;{}&#8221; sticky_transition=&#8221;on&#8221;]<\/p>\n<p>Igor Landry<\/p>\n<p>[\/et_pb_slide][et_pb_slide heading=&#8221;%22Lorem ipsum dolor sit amet, consectetur adipiscing elit. Donec sed finibus nisi, sed dictum eros. Quisque aliquet velit sit amet sem interdum faucibus. In feugiat aliquet mollis etiam tincidunt ligula.%22&#8243; _builder_version=&#8221;4.19.2&#8243; _module_preset=&#8221;default&#8221; header_line_height=&#8221;1.8em&#8221; header_font_size_tablet=&#8221;16px&#8221; header_font_size_phone=&#8221;15px&#8221; header_font_size_last_edited=&#8221;on|tablet&#8221; global_colors_info=&#8221;{}&#8221; sticky_transition=&#8221;on&#8221;]<\/p>\n<p>Igor Landry<\/p>\n<p>[\/et_pb_slide][et_pb_slide heading=&#8221;%22Lorem ipsum dolor sit amet, consectetur adipiscing elit. Donec sed finibus nisi, sed dictum eros. Quisque aliquet velit sit amet sem interdum faucibus. In feugiat aliquet mollis etiam tincidunt ligula.%22&#8243; _builder_version=&#8221;4.19.2&#8243; _module_preset=&#8221;default&#8221; header_line_height=&#8221;1.8em&#8221; header_font_size_tablet=&#8221;16px&#8221; header_font_size_phone=&#8221;15px&#8221; header_font_size_last_edited=&#8221;on|tablet&#8221; global_colors_info=&#8221;{}&#8221; sticky_transition=&#8221;on&#8221;]<\/p>\n<p>Igor Landry<\/p>\n<p>[\/et_pb_slide][\/et_pb_slider][\/et_pb_image][\/et_pb_column][et_pb_column type=&#8221;1_3&#8243; _builder_version=&#8221;4.19.2&#8243; _module_preset=&#8221;default&#8221; global_colors_info=&#8221;{}&#8221;][et_pb_image src=&#8221;http:\/\/geran.net.pl\/wp-content\/uploads\/2023\/01\/Zdjecie-WhatsApp-2023-0sdsd1-23-o-18.01.56.jpg&#8221; title_text=&#8221;Zdj\u0119cie WhatsApp 2023-0sdsd1-23 o 18.01.56&#8243; _builder_version=&#8221;4.19.4&#8243; _module_preset=&#8221;default&#8221; global_colors_info=&#8221;{}&#8221;][\/et_pb_image][\/et_pb_column][\/et_pb_row][et_pb_row _builder_version=&#8221;4.19.2&#8243; _module_preset=&#8221;default&#8221; custom_padding=&#8221;0px||0px||true|false&#8221; global_colors_info=&#8221;{}&#8221;][et_pb_column type=&#8221;4_4&#8243; _builder_version=&#8221;4.19.2&#8243; _module_preset=&#8221;default&#8221; global_colors_info=&#8221;{}&#8221;][et_pb_divider color=&#8221;rgba(255,255,255,0.1)&#8221; divider_position=&#8221;center&#8221; _builder_version=&#8221;4.19.2&#8243; _module_preset=&#8221;default&#8221; positioning=&#8221;absolute&#8221; position_origin_a=&#8221;center_left&#8221; width=&#8221;100%&#8221; global_colors_info=&#8221;{}&#8221;][\/et_pb_divider][et_pb_image src=&#8221;http:\/\/geran.net.pl\/wp-content\/uploads\/2023\/01\/civil-engineering-2-2.png&#8221; title_text=&#8221;civil-engineering-2&#8243; align=&#8221;right&#8221; _builder_version=&#8221;4.19.4&#8243; _module_preset=&#8221;default&#8221; transform_translate=&#8221;50%|0px&#8221; transform_translate_linked=&#8221;off&#8221; width=&#8221;15%&#8221; global_colors_info=&#8221;{}&#8221;][\/et_pb_image][\/et_pb_column][\/et_pb_row][\/et_pb_section]<\/p>\n","protected":false},"excerpt":{"rendered":"<p>Nasze produktyO\u0142\u00f3w:Posiadamy w ofercie:- O\u0142\u00f3w surowy &#8211; O\u0142\u00f3w rafinowany &#8211; O\u0142\u00f3w z antymonem- Inne stopy o\u0142owiuCynk:Posiadamy w ofercie:- Cynk SHG- Stopy cynkuAluminium:Posiadamy w ofercie:- Aluminium A7- Aluminium A8- Aluminium pozagatunkowe- Walc\u00f3wk\u0119 aluminium- InneMosi\u0105dz:Posiadamy w ofercie:- stopy mosi\u0105dzuMied\u017a:Posiadamy w ofercie:- Katody miedziane- Blister- Walc\u00f3wk\u0119 miedzian\u0105Rudy i koncentraty metali:W naszej ofercie znajduj\u0105 si\u0119 r\u00f3wnie\u017c rudy i koncentraty:- [&hellip;]<\/p>\n","protected":false},"author":2,"featured_media":0,"parent":0,"menu_order":0,"comment_status":"closed","ping_status":"closed","template":"","meta":{"_et_pb_use_builder":"on","_et_pb_old_content":"","_et_gb_content_width":"","footnotes":""},"class_list":["post-164","page","type-page","status-publish","hentry"],"_links":{"self":[{"href":"https:\/\/geran.net.pl\/index.php\/wp-json\/wp\/v2\/pages\/164","targetHints":{"allow":["GET"]}}],"collection":[{"href":"https:\/\/geran.net.pl\/index.php\/wp-json\/wp\/v2\/pages"}],"about":[{"href":"https:\/\/geran.net.pl\/index.php\/wp-json\/wp\/v2\/types\/page"}],"author":[{"embeddable":true,"href":"https:\/\/geran.net.pl\/index.php\/wp-json\/wp\/v2\/users\/2"}],"replies":[{"embeddable":true,"href":"https:\/\/geran.net.pl\/index.php\/wp-json\/wp\/v2\/comments?post=164"}],"version-history":[{"count":15,"href":"https:\/\/geran.net.pl\/index.php\/wp-json\/wp\/v2\/pages\/164\/revisions"}],"predecessor-version":[{"id":299,"href":"https:\/\/geran.net.pl\/index.php\/wp-json\/wp\/v2\/pages\/164\/revisions\/299"}],"wp:attachment":[{"href":"https:\/\/geran.net.pl\/index.php\/wp-json\/wp\/v2\/media?parent=164"}],"curies":[{"name":"wp","href":"https:\/\/api.w.org\/{rel}","templated":true}]}}